{"id":1002,"date":"2024-07-04T12:05:31","date_gmt":"2024-07-04T12:05:31","guid":{"rendered":"https:\/\/viertelfrei.de\/about\/"},"modified":"2024-07-16T16:12:16","modified_gmt":"2024-07-16T16:12:16","slug":"about","status":"publish","type":"page","link":"https:\/\/viertelfrei.de\/de\/about\/","title":{"rendered":"\u00dcber uns"},"content":{"rendered":"<div class=\"wp-block-uagb-container uagb-block-48ef2a71 alignfull uagb-is-root-container\"><div class=\"uagb-container-inner-blocks-wrap\">\n<div class=\"wp-block-uagb-container uagb-layout-grid uagb-block-7f826306 alignfull uagb-is-root-container\"><div class=\"uagb-container-inner-blocks-wrap\">\n<div class=\"wp-block-uagb-advanced-heading uagb-block-fccb81b8\"><h1 class=\"uagb-heading-text\">\u00dcber uns<\/h1><\/div>\n\n\n\n<div class=\"wp-block-uagb-info-box uagb-block-6eae1f46 uagb-infobox__content-wrap  uagb-infobox-icon-above-title uagb-infobox-image-valign-top\"><div class=\"uagb-ifb-content\"><div class=\"uagb-ifb-separator\"><\/div><div class=\"uagb-ifb-title-wrap\"><h3 class=\"uagb-ifb-title\">We like to put a smile on people&#8217;s faces and a message on their t-shirt<\/h3><\/div><p class=\"uagb-ifb-desc\">Wie gesagt, wir lieben die Einfachheit und das Gef\u00fchl von Freiheit. Deshalb entwerfen wir hochwertige T-Shirts mit kurzen, witzigen Botschaften, inspiriert von allt\u00e4glichen deutschen Spr\u00fcchen und Redewendungen. Wir lieben den multikulturellen Stil und wie er sich mit der deutschen Lebensart verbindet.&nbsp;<br><\/p><\/div><\/div>\n<\/div><\/div>\n\n\n\n<div class=\"wp-block-uagb-container uagb-layout-grid uagb-block-cb8a27eb alignfull uagb-is-root-container\"><div class=\"uagb-container-inner-blocks-wrap\">\n<div class=\"wp-block-uagb-advanced-heading uagb-block-27f47db3\"><h6 class=\"uagb-heading-text\">The Story<\/h6><\/div>\n\n\n\n<div class=\"wp-block-uagb-container uagb-block-6fd6ef76\">\n<div class=\"wp-block-uagb-advanced-heading uagb-block-ee1428ea\"><p class=\"uagb-desc-text\">Als Ausl\u00e4nder wei\u00df ich, dass manche S\u00e4tze oder W\u00f6rter lustiger klingen, als sie sind, und wir erfinden auch unsere eigenen W\u00f6rter oder Redewendungen, die manchmal sogar f\u00fcr Einheimische lustig sind. Aber manche Dinge sind besser einfach und langweilig. Denn niemand will langweilige Dinge tun. <\/p><\/div>\n\n\n\n<div class=\"wp-block-uagb-advanced-heading uagb-block-8448aa78\"><p class=\"uagb-desc-text\">So begann alles im Jahr 2024 mit einer Idee, ein paar h\u00e4ufigen Fehlern und Redewendungen auf Deutsch und ein paar Mustern f\u00fcr Freunde. Und mit dem Wunsch, mein Deutsch zu verbessern. <\/p><\/div>\n\n\n\n<div class=\"wp-block-uagb-advanced-heading uagb-block-7145b071\"><p class=\"uagb-desc-text\">Hat es geklappt? Ich bin nicht ganz sicher.  Ich verstehe immer noch nur \"Hauptbahnhof\".  <\/p><\/div>\n\n\n\n<div class=\"wp-block-uagb-info-box uagb-block-e82b10f6 uagb-infobox__content-wrap  uagb-infobox-icon-above-title uagb-infobox-image-valign-top\"><div class=\"uagb-ifb-content\"><div class=\"uagb-ifb-icon-wrap\"><svg xmlns=\"https:\/\/www.w3.org\/2000\/svg\" viewbox=\"0 0 448 512\"><path d=\"M96 224C84.72 224 74.05 226.3 64 229.9V224c0-35.3 28.7-64 64-64c17.67 0 32-14.33 32-32S145.7 96 128 96C57.42 96 0 153.4 0 224v96c0 53.02 42.98 96 96 96s96-42.98 96-96S149 224 96 224zM352 224c-11.28 0-21.95 2.305-32 5.879V224c0-35.3 28.7-64 64-64c17.67 0 32-14.33 32-32s-14.33-32-32-32c-70.58 0-128 57.42-128 128v96c0 53.02 42.98 96 96 96s96-42.98 96-96S405 224 352 224z\"><\/path><\/svg><\/div><div class=\"uagb-ifb-title-wrap\"><\/div><p class=\"uagb-ifb-desc\">Sprache verbindet uns! Wenn man sie gut genug spricht...<br>LG \u270c\ufe0f<\/p><\/div><\/div>\n\n\n\n<div class=\"wp-block-uagb-info-box uagb-block-6cedd68b uagb-infobox__content-wrap  uagb-infobox-icon-left uagb-infobox-left uagb-infobox-image-valign-top\"><div class=\"uagb-ifb-image-content\"><img decoding=\"async\" src=\"https:\/\/viertelfrei.de\/wp-content\/uploads\/2024\/07\/Heading-1-150x150.jpg\" alt=\"\" width=\"65\" height=\"65\" loading=\"lazy\"\/><\/div><div class=\"uagb-ifb-content\"><div class=\"uagb-ifb-title-wrap\"><p class=\"uagb-ifb-title\">emanuel M. <\/p><\/div><p class=\"uagb-ifb-desc\">Gr\u00fcnder, Inhaber<\/p><\/div><\/div>\n<\/div>\n<\/div><\/div>\n<\/div><\/div>","protected":false},"excerpt":{"rendered":"<p>About The Story As a foreigner, I know some phrases or words seem funnier than they appear, and we also create our own words or sayings, which is funny even for locals sometimes. But some things are better kept simple and boring. Because no one wants to do the boring stuff. So that&#8217;s how it [&hellip;]<\/p>","protected":false},"author":1,"featured_media":0,"parent":0,"menu_order":0,"comment_status":"closed","ping_status":"closed","template":"","meta":{"_uag_custom_page_level_css":"","_monsterinsights_skip_tracking":false,"_monsterinsights_sitenote_active":false,"_monsterinsights_sitenote_note":"","_monsterinsights_sitenote_category":0,"footnotes":""},"class_list":["post-1002","page","type-page","status-publish","hentry"],"blocksy_meta":[],"aioseo_notices":[],"uagb_featured_image_src":{"full":false,"thumbnail":false,"medium":false,"medium_large":false,"large":false,"1536x1536":false,"2048x2048":false,"trp-custom-language-flag":false,"woocommerce_archive_thumbnail":false,"woocommerce_thumbnail":false,"woocommerce_single":false,"woocommerce_gallery_thumbnail":false},"uagb_author_info":{"display_name":"Manu M","author_link":"https:\/\/viertelfrei.de\/de\/author\/officezazzkids-com\/"},"uagb_comment_info":0,"uagb_excerpt":"About The Story As a foreigner, I know some phrases or words seem funnier than they appear, and we also create our own words or sayings, which is funny even for locals sometimes. But some things are better kept simple and boring. Because no one wants to do the boring stuff. So that&#8217;s how it&hellip;","_links":{"self":[{"href":"https:\/\/viertelfrei.de\/de\/wp-json\/wp\/v2\/pages\/1002","targetHints":{"allow":["GET"]}}],"collection":[{"href":"https:\/\/viertelfrei.de\/de\/wp-json\/wp\/v2\/pages"}],"about":[{"href":"https:\/\/viertelfrei.de\/de\/wp-json\/wp\/v2\/types\/page"}],"author":[{"embeddable":true,"href":"https:\/\/viertelfrei.de\/de\/wp-json\/wp\/v2\/users\/1"}],"replies":[{"embeddable":true,"href":"https:\/\/viertelfrei.de\/de\/wp-json\/wp\/v2\/comments?post=1002"}],"version-history":[{"count":0,"href":"https:\/\/viertelfrei.de\/de\/wp-json\/wp\/v2\/pages\/1002\/revisions"}],"wp:attachment":[{"href":"https:\/\/viertelfrei.de\/de\/wp-json\/wp\/v2\/media?parent=1002"}],"curies":[{"name":"wp","href":"https:\/\/api.w.org\/{rel}","templated":true}]}}