{"id":2107,"date":"2024-07-05T14:04:56","date_gmt":"2024-07-05T14:04:56","guid":{"rendered":"https:\/\/viertelfrei.de\/?post_type=product&#038;p=2107"},"modified":"2024-08-05T15:36:22","modified_gmt":"2024-08-05T15:36:22","slug":"all-i-need","status":"publish","type":"product","link":"https:\/\/viertelfrei.de\/de\/produkt\/all-i-need\/","title":{"rendered":"Unisex T-shirt &#8220;All I need&#8230;&#8221;"},"content":{"rendered":"<p>&nbsp;<\/p>\n<ul>\n<li>Unisex (Normalgr\u00f6\u00dfe f\u00fcr Herren, \u00dcbergr\u00f6\u00dfen f\u00fcr Damen)<\/li>\n<li>F\u00fcr eine lockere Passform bei Frauen w\u00e4hlen Sie eine Gr\u00f6\u00dfe kleiner als die, die Sie normalerweise tragen<\/li>\n<li>Gedruckt in Deutschland mit umweltfreundlichen Farben<\/li>\n<li>100% ringgesponnene Bio-Baumwolle. 180 g\/m\u00b2<\/li>\n<li>Der Stoff dieses Produkts ist nach GRS (Global Recycled Standard), OCS (Organic Content Standard) und GOTS (Global Organic Textile Standard) zertifiziert<\/li>\n<li>Der Stoff dieses Produkts ist nach OEKO-TEX Standard 100 zertifiziert und PETA-gepr\u00fcft Vegan<\/li>\n<\/ul>","protected":false},"excerpt":{"rendered":"<p class=\"translation-block\">Dieses T-Shirt ist f\u00fcr alle, die wissen, dass ein St\u00fcckchen <em>la dolce vita<\/em> ein absolutes Muss ist. Ciao bella!<\/p>\n<p>&nbsp;<\/p>","protected":false},"featured_media":2645,"comment_status":"open","ping_status":"closed","template":"","meta":{"_uag_custom_page_level_css":"","_monsterinsights_skip_tracking":false,"_monsterinsights_sitenote_active":false,"_monsterinsights_sitenote_note":"","_monsterinsights_sitenote_category":0},"product_brand":[],"product_cat":[31],"product_tag":[32,33,34],"class_list":{"0":"post-2107","1":"product","2":"type-product","3":"status-publish","4":"has-post-thumbnail","6":"product_cat-t-shirts","7":"product_tag-t-shirts","8":"product_tag-tees","9":"product_tag-unisex","11":"first","12":"instock","13":"shipping-taxable","14":"purchasable","15":"product-type-variable"},"aioseo_notices":[],"uagb_featured_image_src":{"full":["https:\/\/viertelfrei.de\/wp-content\/uploads\/2024\/07\/all-i-need-w.jpg",800,1000,false],"thumbnail":["https:\/\/viertelfrei.de\/wp-content\/uploads\/2024\/07\/all-i-need-w-150x150.jpg",150,150,true],"medium":["https:\/\/viertelfrei.de\/wp-content\/uploads\/2024\/07\/all-i-need-w-240x300.jpg",240,300,true],"medium_large":["https:\/\/viertelfrei.de\/wp-content\/uploads\/2024\/07\/all-i-need-w-768x960.jpg",768,960,true],"large":["https:\/\/viertelfrei.de\/wp-content\/uploads\/2024\/07\/all-i-need-w.jpg",800,1000,false],"1536x1536":["https:\/\/viertelfrei.de\/wp-content\/uploads\/2024\/07\/all-i-need-w.jpg",800,1000,false],"2048x2048":["https:\/\/viertelfrei.de\/wp-content\/uploads\/2024\/07\/all-i-need-w.jpg",800,1000,false],"trp-custom-language-flag":["https:\/\/viertelfrei.de\/wp-content\/uploads\/2024\/07\/all-i-need-w-10x12.jpg",10,12,true],"woocommerce_archive_thumbnail":["https:\/\/viertelfrei.de\/wp-content\/uploads\/2024\/07\/all-i-need-w-300x300.jpg",300,300,true],"woocommerce_thumbnail":["https:\/\/viertelfrei.de\/wp-content\/uploads\/2024\/07\/all-i-need-w-300x300.jpg",300,300,true],"woocommerce_single":["https:\/\/viertelfrei.de\/wp-content\/uploads\/2024\/07\/all-i-need-w-600x750.jpg",600,750,true],"woocommerce_gallery_thumbnail":["https:\/\/viertelfrei.de\/wp-content\/uploads\/2024\/07\/all-i-need-w-100x100.jpg",100,100,true]},"uagb_author_info":{"display_name":"Manu M","author_link":"https:\/\/viertelfrei.de\/de\/author\/"},"uagb_comment_info":0,"uagb_excerpt":"This t-shirt is for those who know that a slice of la dolce vita is the ultimate necessity. Ciao bella! &nbsp;","_links":{"self":[{"href":"https:\/\/viertelfrei.de\/de\/wp-json\/wp\/v2\/product\/2107","targetHints":{"allow":["GET"]}}],"collection":[{"href":"https:\/\/viertelfrei.de\/de\/wp-json\/wp\/v2\/product"}],"about":[{"href":"https:\/\/viertelfrei.de\/de\/wp-json\/wp\/v2\/types\/product"}],"replies":[{"embeddable":true,"href":"https:\/\/viertelfrei.de\/de\/wp-json\/wp\/v2\/comments?post=2107"}],"wp:featuredmedia":[{"embeddable":true,"href":"https:\/\/viertelfrei.de\/de\/wp-json\/wp\/v2\/media\/2645"}],"wp:attachment":[{"href":"https:\/\/viertelfrei.de\/de\/wp-json\/wp\/v2\/media?parent=2107"}],"wp:term":[{"taxonomy":"product_brand","embeddable":true,"href":"https:\/\/viertelfrei.de\/de\/wp-json\/wp\/v2\/product_brand?post=2107"},{"taxonomy":"product_cat","embeddable":true,"href":"https:\/\/viertelfrei.de\/de\/wp-json\/wp\/v2\/product_cat?post=2107"},{"taxonomy":"product_tag","embeddable":true,"href":"https:\/\/viertelfrei.de\/de\/wp-json\/wp\/v2\/product_tag?post=2107"}],"curies":[{"name":"wp","href":"https:\/\/api.w.org\/{rel}","templated":true}]}}