{"id":2840,"date":"2025-03-10T14:41:24","date_gmt":"2025-03-10T14:41:24","guid":{"rendered":"https:\/\/viertelfrei.de\/?post_type=product&#038;p=2840"},"modified":"2025-03-19T16:38:19","modified_gmt":"2025-03-19T16:38:19","slug":"unisex-t-shirt-charmant","status":"publish","type":"product","link":"https:\/\/viertelfrei.de\/de\/produkt\/unisex-t-shirt-charmant\/","title":{"rendered":"Unisex T-shirt &#8220;Charmant&#8230;&#8221;"},"content":{"rendered":"<ul>\n<li style=\"text-align: left;\">Unisex (Normalgr\u00f6\u00dfe f\u00fcr Herren, \u00dcbergr\u00f6\u00dfen f\u00fcr Damen)<\/li>\n<li style=\"text-align: left;\">F\u00fcr eine lockere Passform bei Frauen w\u00e4hlen Sie eine Gr\u00f6\u00dfe kleiner als die, die Sie normalerweise tragen<\/li>\n<li style=\"text-align: left;\">Gedruckt in Deutschland mit umweltfreundlichen Farben<\/li>\n<li style=\"text-align: left;\">100% ringgesponnene Bio-Baumwolle. 180 g\/m\u00b2<\/li>\n<li style=\"text-align: left;\">Der Stoff dieses Produkts ist nach GRS (Global Recycled Standard), OCS (Organic Content Standard) und GOTS (Global Organic Textile Standard) zertifiziert<\/li>\n<li style=\"text-align: left;\">Der Stoff dieses Produkts ist nach OEKO-TEX Standard 100 zertifiziert und PETA-gepr\u00fcft Vegan<\/li>\n<\/ul>","protected":false},"excerpt":{"rendered":"<p>So spritzig wie dein Charme, von Kopf bis Fu\u00df, nur ohne Blasen, ist f\u00fcr alle, die mit einem Augenzwinkern durchs Leben gehen - leicht, prickelnd und immer mit dem gewissen Extra. Perfekt f\u00fcr alle, die lieber funkeln als verblassen.<\/p>","protected":false},"featured_media":2845,"comment_status":"open","ping_status":"closed","template":"","meta":{"_uag_custom_page_level_css":"","_monsterinsights_skip_tracking":false,"_monsterinsights_sitenote_active":false,"_monsterinsights_sitenote_note":"","_monsterinsights_sitenote_category":0},"product_brand":[],"product_cat":[31],"product_tag":[32,33,34],"class_list":{"0":"post-2840","1":"product","2":"type-product","3":"status-publish","4":"has-post-thumbnail","6":"product_cat-t-shirts","7":"product_tag-t-shirts","8":"product_tag-tees","9":"product_tag-unisex","11":"first","12":"instock","13":"shipping-taxable","14":"purchasable","15":"product-type-variable","16":"has-default-attributes"},"aioseo_notices":[],"uagb_featured_image_src":{"full":["https:\/\/viertelfrei.de\/wp-content\/uploads\/2025\/03\/charmnat.jpg",2160,2160,false],"thumbnail":["https:\/\/viertelfrei.de\/wp-content\/uploads\/2025\/03\/charmnat-150x150.jpg",150,150,true],"medium":["https:\/\/viertelfrei.de\/wp-content\/uploads\/2025\/03\/charmnat-300x300.jpg",300,300,true],"medium_large":["https:\/\/viertelfrei.de\/wp-content\/uploads\/2025\/03\/charmnat-768x768.jpg",768,768,true],"large":["https:\/\/viertelfrei.de\/wp-content\/uploads\/2025\/03\/charmnat-1024x1024.jpg",1024,1024,true],"1536x1536":["https:\/\/viertelfrei.de\/wp-content\/uploads\/2025\/03\/charmnat-1536x1536.jpg",1536,1536,true],"2048x2048":["https:\/\/viertelfrei.de\/wp-content\/uploads\/2025\/03\/charmnat-2048x2048.jpg",2048,2048,true],"trp-custom-language-flag":["https:\/\/viertelfrei.de\/wp-content\/uploads\/2025\/03\/charmnat-12x12.jpg",12,12,true],"woocommerce_archive_thumbnail":["https:\/\/viertelfrei.de\/wp-content\/uploads\/2025\/03\/charmnat-300x300.jpg",300,300,true],"woocommerce_thumbnail":["https:\/\/viertelfrei.de\/wp-content\/uploads\/2025\/03\/charmnat-300x300.jpg",300,300,true],"woocommerce_single":["https:\/\/viertelfrei.de\/wp-content\/uploads\/2025\/03\/charmnat-600x600.jpg",600,600,true],"woocommerce_gallery_thumbnail":["https:\/\/viertelfrei.de\/wp-content\/uploads\/2025\/03\/charmnat-100x100.jpg",100,100,true]},"uagb_author_info":{"display_name":"Manu M","author_link":"https:\/\/viertelfrei.de\/de\/author\/"},"uagb_comment_info":0,"uagb_excerpt":"As sparkling as your charm, from head to toe, just with no bubbles, is for everyone who goes through life with a twinkle in their eye - light, sparkling and always with that little something extra. Perfect for anyone who prefers to sparkle rather than fade.","_links":{"self":[{"href":"https:\/\/viertelfrei.de\/de\/wp-json\/wp\/v2\/product\/2840","targetHints":{"allow":["GET"]}}],"collection":[{"href":"https:\/\/viertelfrei.de\/de\/wp-json\/wp\/v2\/product"}],"about":[{"href":"https:\/\/viertelfrei.de\/de\/wp-json\/wp\/v2\/types\/product"}],"replies":[{"embeddable":true,"href":"https:\/\/viertelfrei.de\/de\/wp-json\/wp\/v2\/comments?post=2840"}],"wp:featuredmedia":[{"embeddable":true,"href":"https:\/\/viertelfrei.de\/de\/wp-json\/wp\/v2\/media\/2845"}],"wp:attachment":[{"href":"https:\/\/viertelfrei.de\/de\/wp-json\/wp\/v2\/media?parent=2840"}],"wp:term":[{"taxonomy":"product_brand","embeddable":true,"href":"https:\/\/viertelfrei.de\/de\/wp-json\/wp\/v2\/product_brand?post=2840"},{"taxonomy":"product_cat","embeddable":true,"href":"https:\/\/viertelfrei.de\/de\/wp-json\/wp\/v2\/product_cat?post=2840"},{"taxonomy":"product_tag","embeddable":true,"href":"https:\/\/viertelfrei.de\/de\/wp-json\/wp\/v2\/product_tag?post=2840"}],"curies":[{"name":"wp","href":"https:\/\/api.w.org\/{rel}","templated":true}]}}